{"id":1416,"date":"2019-09-18T14:03:23","date_gmt":"2019-09-18T12:03:23","guid":{"rendered":"https:\/\/evs-bl.de\/wordpress\/?page_id=1416"},"modified":"2023-09-07T14:51:15","modified_gmt":"2023-09-07T12:51:15","slug":"informatives-externe-links","status":"publish","type":"page","link":"https:\/\/evs-bl.de\/?page_id=1416","title":{"rendered":"Informatives \/ externe Links"},"content":{"rendered":"<p><a href=\"https:\/\/www.evlks.de\/\" target=\"_blank\" rel=\"noopener noreferrer\">Ev.-Luth. Landeskirche Sachsens<\/a><\/p>\n<p><a href=\"http:\/\/www.diakonie-sachsen.de\/\" target=\"_blank\" rel=\"noopener noreferrer\">Diakonie Sachsen<\/a><\/p>\n<p><a href=\"https:\/\/www.diakonie-sachsen.de\/cgi-bin\/vm\/vio.matrix?kd=f9c6149d68011a5&amp;el=47142380&amp;do_facilitySearch=1&amp;region=04651&amp;umkreis=30&amp;suche=&amp;leistung=&amp;leistungsid=\" target=\"_blank\" rel=\"noopener\">Evangelische Kindertagesst\u00e4tten in Sachsen<\/a><\/p>\n<p><a href=\"https:\/\/www.diakonie-leipziger-land.de\/\" target=\"_blank\" rel=\"noopener noreferrer\">Diakonie Leipziger Land<\/a><\/p>\n<p><a href=\"https:\/\/www.diakonie-leipzig.de\/\" target=\"_blank\" rel=\"noopener noreferrer\">Diakonie Leipzig<\/a><\/p>\n<p><a href=\"https:\/\/www.diakademie.de\/\" target=\"_blank\" rel=\"noopener noreferrer\">Diakonische Akademie f\u00fcr Fort- und Weiterbildung<\/a><\/p>\n<p><a href=\"https:\/\/www.jg-im-leipziger-land.de\/\" target=\"_blank\" rel=\"noopener noreferrer\">Jugendarbeit im Leipziger Land<\/a><\/p>\n<p><a href=\"https:\/\/www.kirche-im-leipziger-land.de\/\" target=\"_blank\" rel=\"noopener noreferrer\">Kirche im Leipziger Land<\/a><\/p>\n<p><a href=\"https:\/\/www.kinderarche-sachsen.de\/karriere.html\" target=\"_blank\" rel=\"noopener noreferrer\">Kinderarche Sachsen (Stellenangebote)<\/a><\/p>\n<p><a href=\"http:\/\/www.kinderprojekt-arche.eu\/ueber-uns\/stellenangebote\" target=\"_blank\" rel=\"noopener noreferrer\">Die Arche (Stellenangebote)<\/a><\/p>\n<p><a href=\"https:\/\/www.afbg-sachsen.de\/BAfoeGOnline\/AFBG\/\" target=\"_blank\" rel=\"noopener noreferrer\">Aufstiegs-BAf\u00f6G (AFBG)<\/a><\/p>\n<p><a href=\"https:\/\/www.bafoeg-rechner.de\/\" target=\"_blank\" rel=\"noopener noreferrer\">BAf\u00f6G-Rechner<\/a><\/p>\n<p><a href=\"https:\/\/www.mdv.de\/ticket\/azubiticket-sachsen\/\" target=\"_blank\" rel=\"noopener\">Azubi-Ticket<\/a><\/p>\n\n\n<p><a href=\"http:\/\/www.schuelerbefoerderung.landkreisleipzig.de\" target=\"_blank\" rel=\"noreferrer noopener\">Antr\u00e4ge Sch\u00fclerbef\u00f6rderung<\/a><\/p>\n","protected":false},"excerpt":{"rendered":"<p>Ev.-Luth. Landeskirche Sachsens Diakonie Sachsen Evangelische Kindertagesst\u00e4tten in Sachsen Diakonie Leipziger Land Diakonie Leipzig Diakonische Akademie f\u00fcr Fort- und Weiterbildung Jugendarbeit im Leipziger Land Kirche im Leipziger Land Kinderarche Sachsen (Stellenangebote) Die Arche (Stellenangebote) Aufstiegs-BAf\u00f6G (AFBG) BAf\u00f6G-Rechner Azubi-Ticket Antr\u00e4ge Sch\u00fclerbef\u00f6rderung<\/p>\n","protected":false},"author":2,"featured_media":0,"parent":0,"menu_order":101,"comment_status":"closed","ping_status":"closed","template":"","meta":{"footnotes":""},"class_list":["post-1416","page","type-page","status-publish","hentry"],"_links":{"self":[{"href":"https:\/\/evs-bl.de\/index.php?rest_route=\/wp\/v2\/pages\/1416","targetHints":{"allow":["GET"]}}],"collection":[{"href":"https:\/\/evs-bl.de\/index.php?rest_route=\/wp\/v2\/pages"}],"about":[{"href":"https:\/\/evs-bl.de\/index.php?rest_route=\/wp\/v2\/types\/page"}],"author":[{"embeddable":true,"href":"https:\/\/evs-bl.de\/index.php?rest_route=\/wp\/v2\/users\/2"}],"replies":[{"embeddable":true,"href":"https:\/\/evs-bl.de\/index.php?rest_route=%2Fwp%2Fv2%2Fcomments&post=1416"}],"version-history":[{"count":20,"href":"https:\/\/evs-bl.de\/index.php?rest_route=\/wp\/v2\/pages\/1416\/revisions"}],"predecessor-version":[{"id":4005,"href":"https:\/\/evs-bl.de\/index.php?rest_route=\/wp\/v2\/pages\/1416\/revisions\/4005"}],"wp:attachment":[{"href":"https:\/\/evs-bl.de\/index.php?rest_route=%2Fwp%2Fv2%2Fmedia&parent=1416"}],"curies":[{"name":"wp","href":"https:\/\/api.w.org\/{rel}","templated":true}]}}