{"id":148,"date":"2015-09-24T08:17:16","date_gmt":"2015-09-24T06:17:16","guid":{"rendered":"http:\/\/evs-bl.de\/wordpress\/recht\/"},"modified":"2022-01-21T08:15:16","modified_gmt":"2022-01-21T07:15:16","slug":"recht","status":"publish","type":"page","link":"https:\/\/evs-bl.de\/?page_id=148","title":{"rendered":"Rechtliches"},"content":{"rendered":"<p><a href=\"http:\/\/evs-bl.de\/wordpress\/wp-content\/uploads\/2015\/09\/Schulsatzung.pdf\">Schulsatzung der Evangelischen Schule f\u00fcr Sozialwesen &#8222;Luise H\u00f6pfner&#8220;<\/a><\/p>\n<p><a href=\"http:\/\/evs-bl.de\/wordpress\/wp-content\/uploads\/2015\/09\/Schulordnung.pdf\">Schulordnung der Evangelischen Schule f\u00fcr Sozialwesen &#8222;Luise H\u00f6pfner&#8220;<\/a><\/p>\n<p><a href=\"https:\/\/www.revosax.sachsen.de\/vorschrift\/17369-Schulordnung-Fachschule#ef\" target=\"_blank\" rel=\"noopener\">Schulordnung Fachschule<\/a><\/p>\n<p><a href=\"http:\/\/www.revosax.sachsen.de\/vorschrift\/14107-Schulordnung-Berufsfachschule\" target=\"_blank\" rel=\"noopener\">Schulordnung Berufsfachschule<\/a><\/p>\n\n\n<p><\/p>\n","protected":false},"excerpt":{"rendered":"<p>Schulsatzung der Evangelischen Schule f\u00fcr Sozialwesen &#8222;Luise H\u00f6pfner&#8220; Schulordnung der Evangelischen Schule f\u00fcr Sozialwesen &#8222;Luise H\u00f6pfner&#8220; Schulordnung Fachschule Schulordnung Berufsfachschule<\/p>\n","protected":false},"author":1,"featured_media":0,"parent":0,"menu_order":1,"comment_status":"closed","ping_status":"closed","template":"","meta":{"footnotes":""},"class_list":["post-148","page","type-page","status-publish","hentry"],"_links":{"self":[{"href":"https:\/\/evs-bl.de\/index.php?rest_route=\/wp\/v2\/pages\/148","targetHints":{"allow":["GET"]}}],"collection":[{"href":"https:\/\/evs-bl.de\/index.php?rest_route=\/wp\/v2\/pages"}],"about":[{"href":"https:\/\/evs-bl.de\/index.php?rest_route=\/wp\/v2\/types\/page"}],"author":[{"embeddable":true,"href":"https:\/\/evs-bl.de\/index.php?rest_route=\/wp\/v2\/users\/1"}],"replies":[{"embeddable":true,"href":"https:\/\/evs-bl.de\/index.php?rest_route=%2Fwp%2Fv2%2Fcomments&post=148"}],"version-history":[{"count":10,"href":"https:\/\/evs-bl.de\/index.php?rest_route=\/wp\/v2\/pages\/148\/revisions"}],"predecessor-version":[{"id":3315,"href":"https:\/\/evs-bl.de\/index.php?rest_route=\/wp\/v2\/pages\/148\/revisions\/3315"}],"wp:attachment":[{"href":"https:\/\/evs-bl.de\/index.php?rest_route=%2Fwp%2Fv2%2Fmedia&parent=148"}],"curies":[{"name":"wp","href":"https:\/\/api.w.org\/{rel}","templated":true}]}}