{"id":37,"date":"2010-11-22T10:25:17","date_gmt":"2010-11-22T09:25:17","guid":{"rendered":"http:\/\/evs-bl.de\/wordpress\/berufsfachschule\/"},"modified":"2025-12-04T14:55:47","modified_gmt":"2025-12-04T13:55:47","slug":"berufsfachschule","status":"publish","type":"page","link":"https:\/\/evs-bl.de\/?page_id=37","title":{"rendered":"Berufsfachschule f\u00fcr Sozialwesen"},"content":{"rendered":"<p><strong>Berufsbild &#8222;Staatlich gepr\u00fcfter Sozialassistent\/Staatlich gepr\u00fcfte Sozialassistentin&#8220;<\/strong><\/p>\n<p>Staatlich gepr\u00fcfte Sozialassistentinnen und Sozialassistenten unterst\u00fctzen Fachkr\u00e4fte in allen pflegerischen und sozialp\u00e4dagogischen Arbeitsfeldern. Sie sind in der Lage, Kinder, Jugendliche, \u00e4ltere Menschen und Menschen mit Handicaps bed\u00fcrfnisorientiert zu begleiten und den Alltag mit ihnen zu gestalten. Dabei arbeiten sie eng mit den jeweiligen Fachkr\u00e4ften zusammen und \u00fcbernehmen Aufgaben im Team auch selbstst\u00e4ndig.<\/p>\n<p>Das Arbeitsfeld der Sozialassistenten umfasst: Krankenh\u00e4user, Kinder- und Jugendhilfeeinrichtungen, Einrichtungen der Behindertenhilfe, Alten- und Pflegeeinrichtungen sowie Privathaushalte.<\/p>\n<p><strong>Ausbildung<\/strong><\/p>\n<p>In 2.280 Stunden berufstheoretischer und 800 Stunden berufspraktischer Ausbildung (Praktika in der Kinder- und Jugendhilfe, der Behindertenhilfe und der Pflege) erwerben Sie in 2 Ausbildungsjahren Grundkompetenzen im sozialp\u00e4dagogischen, sozialpflegerischen und hauswirtschaftlichen Bereich.<\/p>\n<p>Die Ausbildung umfasst im berufsbezogenen Bereich folgende Lernfelder:<\/p>\n<ul>\n<li>Berufliche Identit\u00e4t und berufliche Perspektiven entwickeln<\/li>\n<li>Beobachtung als Grundlage sozialen Handelns nutzen<\/li>\n<li>Soziale Beziehungen aufbauen und mitgestalten<\/li>\n<li>An der Gestaltung von Bildungs-, Erziehungs- und Betreuungsprozessen mitwirken<\/li>\n<li>Die Pflege von Menschen in Gesundheit und Krankheit unterst\u00fctzen<\/li>\n<li>Menschen bei der Bew\u00e4ltigung des Alltags unterst\u00fctzen<\/li>\n<li>Kulturell-kreative Prozesse begleiten<\/li>\n<li>Eigene Arbeit strukturieren und im Team mitarbeiten.<\/li>\n<\/ul>\n<p><strong>Perspektiven<\/strong><\/p>\n<p>Der Abschluss als Staatlich gepr\u00fcfte Sozialassistentin bzw. Staatlich gepr\u00fcfter Sozialassistent erm\u00f6glicht den Zugang zu weiterf\u00fchrenden beruflichen Qualifikationen, beispielsweise an unserer Fachschule f\u00fcr Sozialwesen. Hier kann direkt an die Sozialassistentenausbildung die Ausbildung zum &#8222;Staatlich anerkannten Erzieher\/Bachelor Professional in Sozialwesen&#8220;, zur &#8222;Staatlich anerkannten Erzieherin\/Bachelor Professional in Sozialwesen&#8220; angeschlossen werden.<\/p>\n<p><strong>Aufnahmevoraussetzung<\/strong><\/p>\n<p>Realschulabschluss oder vergleichbarer Abschluss<\/p>\n<p><strong>Kosten und Ausbildungsf\u00f6rderung<\/strong><\/p>\n<p>Die Ausbildung an unserer Schule ist <strong>kostenfrei<\/strong>. Wir erheben <strong>weder Schulgeld noch Pr\u00fcfungsgeb\u00fchren.<\/strong> Die Sozialassistentenausbildung ist \u00fcber Sch\u00fcler-Baf\u00f6G f\u00f6rderf\u00e4hig.<\/p>\n<p class=\"text-tip\"><span style=\"font-size: 12pt; text-decoration: underline;\"><em><strong>Bewerbungsbogen Berufsfachschule<\/strong><\/em><\/span><\/p>\n\n\n<div data-wp-interactive=\"core\/file\" class=\"wp-block-file\"><object data-wp-bind--hidden=\"!state.hasPdfPreview\" hidden class=\"wp-block-file__embed\" data=\"https:\/\/evs-bl.de\/wp-content\/uploads\/2025\/12\/Aufnahmeantrag_BFS.pdf\" type=\"application\/pdf\" style=\"width:100%;height:600px\" aria-label=\"Einbettung von Aufnahmeantrag_BFS.\"><\/object><a id=\"wp-block-file--media-4dbb30d9-74b2-4eaf-aa64-227d099ebdc4\" href=\"https:\/\/evs-bl.de\/wp-content\/uploads\/2025\/12\/Aufnahmeantrag_BFS.pdf\">Aufnahmeantrag_BFS<\/a><a href=\"https:\/\/evs-bl.de\/wp-content\/uploads\/2025\/12\/Aufnahmeantrag_BFS.pdf\" class=\"wp-block-file__button wp-element-button\" download aria-describedby=\"wp-block-file--media-4dbb30d9-74b2-4eaf-aa64-227d099ebdc4\">Herunterladen<\/a><\/div>\n","protected":false},"excerpt":{"rendered":"<p>Berufsbild &#8222;Staatlich gepr\u00fcfter Sozialassistent\/Staatlich gepr\u00fcfte Sozialassistentin&#8220; Staatlich gepr\u00fcfte Sozialassistentinnen und Sozialassistenten unterst\u00fctzen Fachkr\u00e4fte in allen pflegerischen und sozialp\u00e4dagogischen Arbeitsfeldern. Sie sind in der Lage, Kinder, Jugendliche, \u00e4ltere Menschen und Menschen mit Handicaps bed\u00fcrfnisorientiert zu begleiten und den Alltag mit ihnen<\/p>\n","protected":false},"author":1,"featured_media":0,"parent":0,"menu_order":23,"comment_status":"closed","ping_status":"closed","template":"","meta":{"footnotes":""},"class_list":["post-37","page","type-page","status-publish","hentry"],"_links":{"self":[{"href":"https:\/\/evs-bl.de\/index.php?rest_route=\/wp\/v2\/pages\/37","targetHints":{"allow":["GET"]}}],"collection":[{"href":"https:\/\/evs-bl.de\/index.php?rest_route=\/wp\/v2\/pages"}],"about":[{"href":"https:\/\/evs-bl.de\/index.php?rest_route=\/wp\/v2\/types\/page"}],"author":[{"embeddable":true,"href":"https:\/\/evs-bl.de\/index.php?rest_route=\/wp\/v2\/users\/1"}],"replies":[{"embeddable":true,"href":"https:\/\/evs-bl.de\/index.php?rest_route=%2Fwp%2Fv2%2Fcomments&post=37"}],"version-history":[{"count":24,"href":"https:\/\/evs-bl.de\/index.php?rest_route=\/wp\/v2\/pages\/37\/revisions"}],"predecessor-version":[{"id":4778,"href":"https:\/\/evs-bl.de\/index.php?rest_route=\/wp\/v2\/pages\/37\/revisions\/4778"}],"wp:attachment":[{"href":"https:\/\/evs-bl.de\/index.php?rest_route=%2Fwp%2Fv2%2Fmedia&parent=37"}],"curies":[{"name":"wp","href":"https:\/\/api.w.org\/{rel}","templated":true}]}}