{"id":3800,"date":"2023-05-08T11:56:36","date_gmt":"2023-05-08T09:56:36","guid":{"rendered":"https:\/\/evs-bl.de\/?page_id=3800"},"modified":"2023-06-14T12:16:51","modified_gmt":"2023-06-14T10:16:51","slug":"klimaschule","status":"publish","type":"page","link":"https:\/\/evs-bl.de\/?page_id=3800","title":{"rendered":"Klimaschule"},"content":{"rendered":"\n<figure class=\"wp-block-image alignright size-large is-resized is-style-rounded\"><img loading=\"lazy\" decoding=\"async\" src=\"https:\/\/evs-bl.de\/wp-content\/uploads\/2023\/05\/smul_klimaschule_logo_RGB-1024x478.jpg\" alt=\"\" class=\"wp-image-3823\" width=\"278\" height=\"130\" srcset=\"https:\/\/evs-bl.de\/wp-content\/uploads\/2023\/05\/smul_klimaschule_logo_RGB-1024x478.jpg 1024w, https:\/\/evs-bl.de\/wp-content\/uploads\/2023\/05\/smul_klimaschule_logo_RGB-300x140.jpg 300w, https:\/\/evs-bl.de\/wp-content\/uploads\/2023\/05\/smul_klimaschule_logo_RGB-768x358.jpg 768w, https:\/\/evs-bl.de\/wp-content\/uploads\/2023\/05\/smul_klimaschule_logo_RGB-1536x717.jpg 1536w, https:\/\/evs-bl.de\/wp-content\/uploads\/2023\/05\/smul_klimaschule_logo_RGB-750x350.jpg 750w, https:\/\/evs-bl.de\/wp-content\/uploads\/2023\/05\/smul_klimaschule_logo_RGB-642x300.jpg 642w, https:\/\/evs-bl.de\/wp-content\/uploads\/2023\/05\/smul_klimaschule_logo_RGB.jpg 1772w\" sizes=\"auto, (max-width: 278px) 100vw, 278px\" \/><\/figure>\n\n\n\n<p class=\"has-luminous-vivid-amber-color has-text-color\"><strong>Das S\u00e4chsische Staatsministerium f\u00fcr Energie, Klimaschutz, Umwelt und Landwirtschaft hat in einem Schreiben vom 04. Mai 2023 die Evangelische Schule f\u00fcr Sozialwesen \u201eLuise H\u00f6pfner\u201c zur Klimaschule ernannt. <\/strong>Wir freuen uns sehr!<\/p>\n\n\n\n<p class=\"has-luminous-vivid-amber-color has-text-color\"><\/p>\n\n\n\n<p><strong>Was uns antreibt?<\/strong><\/p>\n\n\n\n<p class=\"has-black-color has-text-color\">Wir bilden Fachkr\u00e4fte f\u00fcr den sozialpflegerischen und sozialp\u00e4dagogischen Bereich aus, die nach ihrer Ausbildung Kinder und Jugendliche in ihren Entwicklungs- und Bildungsprozessen begleiten werden. In welche Welt unsere junge Generation hinein w\u00e4chst, wie lebenswert und gerecht das Leben auf unserer Erde zuk\u00fcnftig sein wird, haben wir alle in der Hand. Wir f\u00fchlen uns verantwortlich daf\u00fcr, unseren Teil zur Bewahrung der Sch\u00f6pfung beizutragen.  Wir sind \u00fcberzeugt:  &#8222;Wenn viele kleine Menschen an vielen kleinen Orten viele kleine Schritte tun, dann wird sich das Gesicht der Welt ver\u00e4ndern.&#8220; (afrikanisches Sprichwort)<\/p>\n\n\n\n<p><strong>Wof\u00fcr wir stehen?<\/strong><\/p>\n\n\n\n<ol class=\"wp-block-list\">\n<li>f\u00fcr Klima- und Umweltwissen als wichtigen Schritt zum klimabewussten Handeln <\/li>\n\n\n\n<li>f\u00fcr bewussten und schonenden Umgang mit den zur Verf\u00fcgung stehenden Ressourcen<\/li>\n\n\n\n<li>f\u00fcr verantwortungsbewussten Konsum als Organisation &#8222;Schule&#8220;<\/li>\n\n\n\n<li>f\u00fcr einen m\u00f6glichst kleinen energetischen Fu\u00dfabdruck als Organisation &#8222;Schule&#8220;<\/li>\n\n\n\n<li>f\u00fcr einen kleinen Beitrag zur Erhaltung der Artenvielfalt im Zusammenhang mit der Gestaltung unseres Au\u00dfengel\u00e4ndes<\/li>\n\n\n\n<li>f\u00fcr Vernetzung mit anderen Akteuren im Bereich Klimaschutz im Landkreis Leipziger Land<\/li>\n\n\n\n<li>f\u00fcr die Ausbildung von Fachkr\u00e4ften, denen Klimaschutz und Nachhaltigkeit ein Anliegen f\u00fcr ihre Arbeit im Berufsfeld ist<\/li>\n<\/ol>\n\n\n\n<p><strong>Was wollen wir erreichen<\/strong>?<\/p>\n\n\n\n<p><em>Schulentwicklung:<\/em><\/p>\n\n\n\n<p>Nachhaltigkeit und Umweltschutz sollen verbindliche Aspekte aller Entscheidungen in der Schule sein \u2013 Wir wollen uns konsequent fragen: <\/p>\n\n\n\n<ul class=\"wp-block-list\">\n<li>Wie k\u00f6nnen wir unser n\u00e4chstes Vorhaben nachhaltig gestalten? <\/li>\n\n\n\n<li>Welchen Beitrag zum Klimaschutz leistet unser Vorhaben?<\/li>\n\n\n\n<li>Wie klimafreundlich ist das Produkt? K\u00f6nnen wir es lange nutzen und reparieren? Gibt es eine klimafreundlichere Alternative?<\/li>\n<\/ul>\n\n\n\n<p><em>Schulorganisation:<\/em><\/p>\n\n\n\n<ul class=\"wp-block-list\">\n<li>Im Bereich Mobilit\u00e4t (Klassenfahrten und -unternehmungen\/Exkursionen\/Dienstreisen) wollen wir konsequent die klimafreundlichste m\u00f6gliche Art nutzen. <\/li>\n\n\n\n<li>Wir wollen im gesamten Schulgeschehen schonend mit Ressourcen umgehen (Energie, Material). <\/li>\n\n\n\n<li>Wir wollen konsequent M\u00fcll vermeiden und M\u00fcll trennen. <\/li>\n\n\n\n<li>Wir wollen die M\u00f6glichkeiten des Au\u00dfengel\u00e4ndes nutzen, um einen Beitrag zum Erhalt der Artenvielfalt zu leisten.<\/li>\n\n\n\n<li>Wir setzen die Beschaffungsrichtlinie der Ev.-Luth. Landeskirche Sachsen um.<\/li>\n\n\n\n<li>Wir nutzen das &#8222;gr\u00fcne Datenkonto&#8220;. (<a href=\"http:\/\/www.gruenes-datenkonto.de\">http:\/\/www.gruenes-datenkonto.de<\/a>)<\/li>\n<\/ul>\n\n\n\n<p><em>Unterrichtsentwicklung:<\/em><\/p>\n\n\n\n<p>Nachhaltigkeit und Umweltschutz sollen kontinuierlicher und verbindlicher Teil unseres Unterrichts in beiden Ausbildungen sein.<\/p>\n\n\n\n<ul class=\"wp-block-list\">\n<li>Wir wollen Wissen vermitteln, eine umweltbewusste Haltung herausbilden und den Auszubildenden (als gegenw\u00e4rtige und zuk\u00fcnftige Multiplikatoren) konkretes Handwerkszeug und Methoden f\u00fcr die berufliche Praxis mitgeben. <\/li>\n\n\n\n<li>Wir wollen dazu unser Lehrerteam schulen und die Methodenkompetenz aller ausbauen.<\/li>\n<\/ul>\n\n\n\n<p><strong>Wie wollen wir es erreichen?<\/strong><\/p>\n\n\n\n<ul class=\"wp-block-list\">\n<li>&#8211; <em>partizipativ<\/em><\/li>\n\n\n\n<li><em>&#8211; freudvoll und mit W\u00fcrdigung aller kleinen und gro\u00dfen Schritte<\/em><\/li>\n\n\n\n<li>&#8211; <em>konsequent<\/em><\/li>\n\n\n\n<li>&#8211; <em>vernetzt<\/em><\/li>\n<\/ul>\n\n\n\n<figure class=\"wp-block-image size-large\"><img loading=\"lazy\" decoding=\"async\" width=\"949\" height=\"1024\" src=\"https:\/\/evs-bl.de\/wp-content\/uploads\/2023\/06\/LVZ-14-06-2023-949x1024.jpg\" alt=\"\" class=\"wp-image-3906\" srcset=\"https:\/\/evs-bl.de\/wp-content\/uploads\/2023\/06\/LVZ-14-06-2023-949x1024.jpg 949w, https:\/\/evs-bl.de\/wp-content\/uploads\/2023\/06\/LVZ-14-06-2023-278x300.jpg 278w, https:\/\/evs-bl.de\/wp-content\/uploads\/2023\/06\/LVZ-14-06-2023-768x829.jpg 768w, https:\/\/evs-bl.de\/wp-content\/uploads\/2023\/06\/LVZ-14-06-2023.jpg 1100w\" sizes=\"auto, (max-width: 949px) 100vw, 949px\" \/><\/figure>\n","protected":false},"excerpt":{"rendered":"<p>Das S\u00e4chsische Staatsministerium f\u00fcr Energie, Klimaschutz, Umwelt und Landwirtschaft hat in einem Schreiben vom 04. Mai 2023 die Evangelische Schule f\u00fcr Sozialwesen \u201eLuise H\u00f6pfner\u201c zur Klimaschule ernannt. Wir freuen uns sehr! Was uns antreibt? Wir bilden Fachkr\u00e4fte f\u00fcr den sozialpflegerischen<\/p>\n","protected":false},"author":2,"featured_media":0,"parent":0,"menu_order":0,"comment_status":"closed","ping_status":"closed","template":"","meta":{"footnotes":""},"class_list":["post-3800","page","type-page","status-publish","hentry"],"_links":{"self":[{"href":"https:\/\/evs-bl.de\/index.php?rest_route=\/wp\/v2\/pages\/3800","targetHints":{"allow":["GET"]}}],"collection":[{"href":"https:\/\/evs-bl.de\/index.php?rest_route=\/wp\/v2\/pages"}],"about":[{"href":"https:\/\/evs-bl.de\/index.php?rest_route=\/wp\/v2\/types\/page"}],"author":[{"embeddable":true,"href":"https:\/\/evs-bl.de\/index.php?rest_route=\/wp\/v2\/users\/2"}],"replies":[{"embeddable":true,"href":"https:\/\/evs-bl.de\/index.php?rest_route=%2Fwp%2Fv2%2Fcomments&post=3800"}],"version-history":[{"count":19,"href":"https:\/\/evs-bl.de\/index.php?rest_route=\/wp\/v2\/pages\/3800\/revisions"}],"predecessor-version":[{"id":3908,"href":"https:\/\/evs-bl.de\/index.php?rest_route=\/wp\/v2\/pages\/3800\/revisions\/3908"}],"wp:attachment":[{"href":"https:\/\/evs-bl.de\/index.php?rest_route=%2Fwp%2Fv2%2Fmedia&parent=3800"}],"curies":[{"name":"wp","href":"https:\/\/api.w.org\/{rel}","templated":true}]}}